{"id":68,"date":"2024-12-25T15:59:27","date_gmt":"2024-12-25T15:59:27","guid":{"rendered":"http:\/\/kahramansevindiklaw.com\/?page_id=68"},"modified":"2024-12-27T16:02:14","modified_gmt":"2024-12-27T16:02:14","slug":"insan-kaynaklari","status":"publish","type":"page","link":"https:\/\/kahramansevindiklaw.com\/index.php\/insan-kaynaklari\/","title":{"rendered":"\u0130nsan Kaynaklar\u0131"},"content":{"rendered":"\n<section id=\"f68c69\" class=\"section-f68c69 gutentor-module gutentor-module-accordion gutentor-module-accordion-enable-toggle\"><div class=\"grid-container\">\n<div id=\"198b6d\" class=\"wp-block-gutentor-m6-item section-198b6d gutentor-module gutentor-module-accordion-item gutentor-module-accordion-active\"><div class=\"gutentor-module-accordion-panel g-a-panel-f68c69\"><div tabindex=\"0\" class=\"gm-ah-f68c69 gutentor-module-accordion-item-heading gutentor-module-icon-position-right\"><span class=\"gutentor-module-accordion-panel-handler\" role=\"button\"><span class=\"gutentor-module-accordion-panel-handler-label\">Yaz Staj\u0131\/\u00d6\u011frenci\u00a0\u00a0Ba\u015fvurular\u0131<\/span><span class=\"gutentor-module-accordion-icon gutentor-module-accordion-icon-active gutentor-enabled-width\"><i class=\"gm-aio-f68c69 gutentor-module-accordion-icon-open fas fa-angle-down\"><\/i><i class=\"gm-aic-f68c69 gutentor-module-accordion-icon-close fas fa-angle-up\"><\/i><\/span><\/span><\/div><div class=\"gm-ab-f68c69 gutentor-module-accordion-body\">\n<section id=\"gm6642ff4\" class=\"wp-block-gutentor-m4 section-gm6642ff4 gutentor-module gutentor-advanced-columns\"><div class=\"grid-container\"><div class=\"grid-row\">\n<div id=\"col-gm7cb449\" class=\"wp-block-gutentor-m4-col col-gm7cb449 gutentor-single-column  grid-lg-5 grid-md-12 grid-12\"><div id=\"section-gm7cb449\" class=\"section-gm7cb449 gutentor-col-wrap\">\n<div id=\"section-g5e1e80\" class=\"wp-block-gutentor-e6 section-g5e1e80 gutentor-element gutentor-element-image text-align-center-mobile\"><div class=\"gutentor-element-image-box\"><div class=\"gutentor-image-thumb\"><img decoding=\"async\" class=\"normal-image\" src=\"http:\/\/kahramansevindiklaw.com\/wp-content\/uploads\/2024\/12\/yaz-staj-300x200.jpg\"\/><\/div><\/div><\/div>\n<\/div><\/div>\n\n\n\n<div id=\"col-gm123961\" class=\"wp-block-gutentor-m4-col col-gm123961 gutentor-single-column  grid-lg-7 grid-md-12 grid-12\"><div id=\"section-gm123961\" class=\"section-gm123961 gutentor-col-wrap\">\n<div id=\"section-ge1c421\" class=\"wp-block-gutentor-e0 section-ge1c421 gutentor-element gutentor-element-advanced-text\"><div class=\"gutentor-text-wrap\"><h4 class=\"gutentor-text\">\u015eartlar<\/h4><\/div><\/div>\n\n\n\n<div id=\"section-ga88d1c\" class=\"wp-block-gutentor-e0 section-ga88d1c gutentor-element gutentor-element-advanced-text\"><div class=\"gutentor-text-wrap\"><p class=\"gutentor-text\">Lisans E\u011fitimine ba\u015flam\u0131\u015f olmak.<br>\u00a0\u00a0\u00a0\u00a0\u00a0\u00a0\u00a0\u00a0\u00a0\u00a0\u00a0\u00a0\u00a0\u00a0\u00a0\u00a0\u00a0\u00a0\u00a0\u00a0\u00a0\u00a0\u00a0\u00a0Yenili\u011fe, de\u011fi\u015fime, aktif \u00e7al\u0131\u015fma hayat\u0131na uyumlu olmak<br>\u00a0\u00a0\u00a0\u00a0\u00a0\u00a0\u00a0\u00a0\u00a0\u00a0\u00a0\u00a0\u00a0\u00a0\u00a0\u00a0\u00a0\u00a0\u00a0\u00a0\u00a0\u00a0\u00a0\u00a0\u0130leti\u015fim becerilerine sahip olmak.<br>\u00a0\u00a0\u00a0\u00a0\u00a0\u00a0\u00a0\u00a0\u00a0\u00a0\u00a0\u00a0\u00a0\u00a0\u00a0\u00a0\u00a0\u00a0\u00a0\u00a0\u00a0\u00a0\u00a0\u00a0Tercihen yabanc\u0131 dil bilgisine sahip olmak. (\u0130ngilizce, Rus\u00e7a, Arap\u00e7a)<br>\u00a0\u00a0\u00a0\u00a0\u00a0\u00a0\u00a0\u00a0\u00a0\u00a0\u00a0\u00a0\u00a0\u00a0\u00a0\u00a0\u00a0\u00a0\u00a0\u00a0\u00a0\u00a0\u00a0\u00a0Tercihen sigara kullanm\u0131yor olmak.\u00a0<br>\u00a0\u00a0\u00a0\u00a0\u00a0\u00a0\u00a0\u00a0\u00a0\u00a0\u00a0\u00a0\u00a0\u00a0\u00a0\u00a0\u00a0\u00a0\u00a0\u00a0\u00a0\u00a0\u00a0\u00a0\u2026\u2026\u2026\u2026\u2026\u2026\u2026 adresine \u00f6zge\u00e7mi\u015finizi b\u0131rakabilirsiniz.\u00a0<\/p><\/div><\/div>\n\n\n\n<p><\/p>\n<\/div><\/div>\n<\/div><\/div><\/section>\n<\/div><\/div><\/div>\n\n\n\n<div id=\"g-bv3tjtm\" class=\"wp-block-gutentor-m6-item section-g-bv3tjtm gutentor-module gutentor-module-accordion-item\"><div class=\"gutentor-module-accordion-panel g-a-panel-f68c69\"><div tabindex=\"0\" class=\"gm-ah-f68c69 gutentor-module-accordion-item-heading gutentor-module-icon-position-right\"><span class=\"gutentor-module-accordion-panel-handler\" role=\"button\"><span class=\"gutentor-module-accordion-panel-handler-label\">Avukat\/Stajer Avukat Ba\u015fvurular\u0131<\/span><span class=\"gutentor-module-accordion-icon gutentor-enabled-width\"><i class=\"gm-aio-f68c69 gutentor-module-accordion-icon-open fas fa-angle-down\"><\/i><i class=\"gm-aic-f68c69 gutentor-module-accordion-icon-close fas fa-angle-up\"><\/i><\/span><\/span><\/div><div class=\"gm-ab-f68c69 gutentor-module-accordion-body\">\n<section id=\"g-55tb55a\" class=\"wp-block-gutentor-m4 section-g-55tb55a gutentor-module gutentor-advanced-columns\"><div class=\"grid-container\"><div class=\"grid-row\">\n<div id=\"col-g-1p1kr41\" class=\"wp-block-gutentor-m4-col col-g-1p1kr41 gutentor-single-column  grid-lg-5 grid-md-12 grid-12\"><div id=\"section-g-1p1kr41\" class=\"section-g-1p1kr41 gutentor-col-wrap\">\n<div id=\"section-g-tinbk3t\" class=\"wp-block-gutentor-e6 section-g-tinbk3t gutentor-element gutentor-element-image text-align-center-mobile\"><div class=\"gutentor-element-image-box\"><div class=\"gutentor-image-thumb\"><img decoding=\"async\" class=\"normal-image\" src=\"http:\/\/kahramansevindiklaw.com\/wp-content\/uploads\/2024\/12\/stajyer-avukat-300x257.jpg\"\/><\/div><\/div><\/div>\n<\/div><\/div>\n\n\n\n<div id=\"col-g-nbvnsa6\" class=\"wp-block-gutentor-m4-col col-g-nbvnsa6 gutentor-single-column  grid-lg-7 grid-md-12 grid-12\"><div id=\"section-g-nbvnsa6\" class=\"section-g-nbvnsa6 gutentor-col-wrap\">\n<div id=\"section-g-s2b1h93\" class=\"wp-block-gutentor-e0 section-g-s2b1h93 gutentor-element gutentor-element-advanced-text\"><div class=\"gutentor-text-wrap\"><h4 class=\"gutentor-text\">\u015eartlar<\/h4><\/div><\/div>\n\n\n\n<div id=\"section-g-x3lln0n\" class=\"wp-block-gutentor-e0 section-g-x3lln0n gutentor-element gutentor-element-advanced-text\"><div class=\"gutentor-text-wrap\"><p class=\"gutentor-text\">Yenili\u011fe, de\u011fi\u015fime, aktif \u00e7al\u0131\u015fma hayat\u0131na uyumlu olmak.<br>\u00a0\u00a0\u00a0\u00a0\u00a0\u00a0\u00a0\u00a0\u00a0\u00a0\u00a0\u00a0\u00a0\u00a0\u00a0\u00a0\u00a0\u00a0\u00a0\u00a0\u00a0\u00a0\u00a0\u00a0\u0130leti\u015fim becerilerine sahip olmak.<br>\u00a0\u00a0\u00a0\u00a0\u00a0\u00a0\u00a0\u00a0\u00a0\u00a0\u00a0\u00a0\u00a0\u00a0\u00a0\u00a0\u00a0\u00a0\u00a0\u00a0\u00a0\u00a0\u00a0\u00a0Tercihen yabanc\u0131 dil bilgisine sahip olmak. (\u0130ngilizce, Rus\u00e7a, Arap\u00e7a)<br>\u00a0\u00a0\u00a0\u00a0\u00a0\u00a0\u00a0\u00a0\u00a0\u00a0\u00a0\u00a0\u00a0\u00a0\u00a0\u00a0\u00a0\u00a0\u00a0\u00a0\u00a0\u00a0\u00a0\u00a0Tercihen sigara kullanm\u0131yor olmak.\u00a0<br>\u00a0\u00a0\u00a0\u00a0\u00a0\u00a0\u00a0\u00a0\u00a0\u00a0\u00a0\u00a0\u00a0\u00a0\u00a0\u00a0\u00a0\u00a0\u00a0\u00a0\u00a0\u00a0\u00a0\u00a0\u2026\u2026\u2026\u2026\u2026\u2026\u2026 adresine \u00f6zge\u00e7mi\u015finizi b\u0131rakabilirsiniz.\u00a0<\/p><\/div><\/div>\n\n\n\n<p><\/p>\n<\/div><\/div>\n<\/div><\/div><\/section>\n<\/div><\/div><\/div>\n<\/div><\/section>\n","protected":false},"excerpt":{"rendered":"","protected":false},"author":1,"featured_media":0,"parent":0,"menu_order":0,"comment_status":"closed","ping_status":"closed","template":"templates\/template-page-full-width.php","meta":{"footnotes":""},"class_list":["post-68","page","type-page","status-publish","hentry"],"_links":{"self":[{"href":"https:\/\/kahramansevindiklaw.com\/index.php\/wp-json\/wp\/v2\/pages\/68","targetHints":{"allow":["GET"]}}],"collection":[{"href":"https:\/\/kahramansevindiklaw.com\/index.php\/wp-json\/wp\/v2\/pages"}],"about":[{"href":"https:\/\/kahramansevindiklaw.com\/index.php\/wp-json\/wp\/v2\/types\/page"}],"author":[{"embeddable":true,"href":"https:\/\/kahramansevindiklaw.com\/index.php\/wp-json\/wp\/v2\/users\/1"}],"replies":[{"embeddable":true,"href":"https:\/\/kahramansevindiklaw.com\/index.php\/wp-json\/wp\/v2\/comments?post=68"}],"version-history":[{"count":5,"href":"https:\/\/kahramansevindiklaw.com\/index.php\/wp-json\/wp\/v2\/pages\/68\/revisions"}],"predecessor-version":[{"id":164,"href":"https:\/\/kahramansevindiklaw.com\/index.php\/wp-json\/wp\/v2\/pages\/68\/revisions\/164"}],"wp:attachment":[{"href":"https:\/\/kahramansevindiklaw.com\/index.php\/wp-json\/wp\/v2\/media?parent=68"}],"curies":[{"name":"wp","href":"https:\/\/api.w.org\/{rel}","templated":true}]}}